{"id":9,"date":"2014-08-07T18:44:16","date_gmt":"2014-08-07T18:44:16","guid":{"rendered":"http:\/\/www.evajandikova.cz\/?page_id=9"},"modified":"2024-10-18T15:50:32","modified_gmt":"2024-10-18T14:50:32","slug":"eva-jandikova","status":"publish","type":"page","link":"https:\/\/www.evajandikova.cz\/?page_id=9","title":{"rendered":"O autorce &#8211; p\u0159\u00edsp\u011bvek zlob\u00ed"},"content":{"rendered":"<p>Kontakt:<\/p>\n<p><a href=\"mailto:jandikovae@cds.cz\">jandikovae@cds.cz<\/a><\/p>\n<p><a href=\"http:\/\/www.terej.cz\">www.terej.cz<\/a><\/p>\n<p><br style=\"color: #000000;\"><span style=\"color: #000000;\">* 1954 V\u00edtkov u Opavy<\/span><br style=\"color: #000000;\"><br style=\"color: #000000;\"><span style=\"color: #000000;\">1973 &#8211; 1979 ateli\u00e9r textiln\u00edho v\u00fdtvarnictv\u00ed, V\u0160UP Praha<\/span><br style=\"color: #000000;\"><span style=\"color: #000000;\">1980 &#8211; 1995 n\u00e1vrhy textilu pro \u0160\u00daUV a \u00daLUV \/prodejny Kr\u00e1sn\u00e1 jizba\/ Praha<\/span><br style=\"color: #000000;\"><span style=\"color: #000000;\">tapis\u00e9rie, \u017eak\u00e1rsk\u00e9 a listov\u00e9 tkaniny \/kanafasy\/, hedv\u00e1bn\u00e9 \u0161\u00e1tky, od\u011bvn\u00ed kupony<\/span><br style=\"color: #000000;\"><span style=\"color: #000000;\">1989 a 1990 ocen\u011bn\u00ed Dobr\u00fd design IPD za n\u00e1vrhy listov\u00fdch a \u017eakarsk\u00fdch tkanin<\/span><br style=\"color: #000000;\"><span style=\"color: #000000;\">1989-1996 \u00fa\u010dast na sympozi\u00edch a v\u00fdstav\u00e1ch textiln\u00ed skupiny \u017dararaka<\/span><br style=\"color: #000000;\"><span style=\"color: #000000;\">1994 &#8211; 2001 n\u00e1vrhy u\u017eit\u00e9 grafiky, v\u00fduka po\u010d\u00edta\u010dov\u00e9ho designu, TU Liberec<\/span><br style=\"color: #000000;\"><span style=\"color: #000000;\">2000 &#8211; produkce tkanin pod zna\u010dkou Terej, nov\u00e9 typy kanafas\u016f<\/span><br style=\"color: #000000;\"><span style=\"color: #000000;\">2003 &#8211; 2005 veden\u00ed Ateli\u00e9ru textiln\u00ed tvorby, V\u0160UP Praha<\/span><br style=\"color: #000000;\"><span style=\"color: #000000;\">2009 &#8211; otev\u0159en\u00ed vzorkovny atelier Terej v Praze &#8211; Libni, Pivovarnick\u00e1 6<\/span><br style=\"color: #000000;\"><span style=\"color: #000000;\">&nbsp;realizace vzor\u016f pod zna\u010dkou Terej (textiln\u00ed realizace &#8211; Jand\u00edkov\u00e1), n\u00e1vrhy voln\u00e9 i u\u017eit\u00e9 grafiky pro Computer design studio<\/span><br style=\"color: #000000;\"><br style=\"color: #000000;\"><span style=\"color: #000000;\">samostatn\u00e9 v\u00fdstavy z posledn\u00edch let:<\/span><br style=\"color: #000000;\"><br style=\"color: #000000;\"><span style=\"color: #000000;\">2005 &#8211; Duhov\u00fd sv\u011bt kanafasu, Region\u00e1ln\u00ed muzeum J\u00edlov\u00e9 u Prahy<\/span><br style=\"color: #000000;\"><br style=\"color: #000000;\"><span style=\"color: #000000;\">2007 &#8211; KANAFAS, galerie Scarabeus, Praha 7<\/span><br style=\"color: #000000;\"><br style=\"color: #000000;\"><span style=\"color: #000000;\">2008 &#8211; Pruhovan\u00e1 kr\u00e1sa, St\u0159edo\u010desk\u00e9 muzeum Roztoky u Prahy<\/span><br style=\"color: #000000;\"><br style=\"color: #000000;\"><span style=\"color: #000000;\">2009 &#8211; Fiori, colori, tessuti, Villa Della Porta Bozzolo, Varese It\u00e1lie<\/span><br style=\"color: #000000;\"><br style=\"color: #000000;\"><span style=\"color: #000000;\">2010 &#8211; Kanafasen\u00ed, V\u00fdchodo\u010desk\u00e1 galerie, z\u00e1mek Rychnov nad Kn\u011b\u017enou<\/span><br style=\"color: #000000;\"><br style=\"color: #000000;\"><span style=\"color: #000000;\">2012 &#8211; Moje barevn\u00e1 zahrada &#8211; Lednice<\/span><\/p>\n<p>2014 &#8211; Tapiserie, krajka, kanafas &#8211; M\u011bstsk\u00e9 muzeum Lan\u0161kroun (spolu s Ji\u0159inou Pivo\u0148kovou a Jaroslavou T\u011b\u0161\u00ednskou)<br style=\"color: #000000;\"><br style=\"color: #000000;\"><span style=\"color: #000000;\">zastoupen\u00ed ve sb\u00edrk\u00e1ch:&nbsp;<\/span><br style=\"color: #000000;\"><span style=\"color: #000000;\">Um\u011bleckopr\u016fmyslov\u00e9 museum v Praze, Severo\u010desk\u00e9 muzeum Liberec, Central Museum of Textiles, L\u00f3dz, Polsko<\/span><br style=\"color: #000000;\"><br style=\"color: #000000;\"><br style=\"color: #000000;\"><span style=\"color: #000000;\">Pod zna\u010dkou Terej se skr\u00fdv\u00e1 tvorba ak. mal. Evy Jand\u00edkov\u00e9, v\u011bnovan\u00e1 malometr\u00e1\u017en\u00edmu textilu.<\/span><br style=\"color: #000000;\"><br style=\"color: #000000;\"><span style=\"color: #000000;\">V sou\u010dasnosti spolupracuje s \u010desk\u00fdmi tkalcovnami, kde zad\u00e1v\u00e1 realizaci vzor\u016f, kter\u00e9 jsou pro jej\u00ed tvorbu charakteristick\u00e9: barevn\u011b v\u00fdrazn\u00e9, kombinovateln\u00e9, monument\u00e1ln\u00ed i rafinovan\u011b drobn\u00e9. D\u00edky znalosti technologie v\u00fdroby navrhuje kolekce, kter\u00e9 obsahuj\u00ed barevn\u00e9 a kompozi\u010dn\u00ed varianty po 50 &#8211; 100 m. V\u00fdroba dez\u00e9n\u016f t\u00edmto zp\u016fsobem je u n\u00e1s ojedin\u011bl\u00e1.<\/span><br style=\"color: #000000;\"><br style=\"color: #000000;\"><span style=\"color: #000000;\">Ateli\u00e9r Terej je tu pro ty, kdo za\u0159izuj\u00ed nebo cht\u011bj\u00ed zm\u011bnit \u010di dovybavit pracovn\u00ed, oddychov\u00fd \u010di spac\u00ed prostor, byt, penzion atp., a usiluj\u00ed o osobitou, origin\u00e1ln\u00ed atmosf\u00e9ru.<\/span><br style=\"color: #000000;\"><br style=\"color: #000000;\"><span style=\"color: #000000;\">Design vych\u00e1z\u00ed z mo\u017enost\u00ed barevn\u00e9ho snov\u00e1n\u00ed a h\u00e1zen\u00ed, \u010dili je utk\u00e1n, nikoliv vyti\u0161t\u011bn a je tedy trvanliv\u00fd, oboustrann\u00fd.<\/span><br style=\"color: #000000;\"><br style=\"color: #000000;\"><span style=\"color: #000000;\">Vzory pruh\u016f a kostek jsou zn\u00e1my hlavn\u011b ve st\u0159edn\u011b t\u011b\u017ek\u00e9 gram\u00e1\u017ei kanafasu, av\u0161ak tkaniny zna\u010dky Terej jsou jemn\u011bj\u0161\u00ed, p\u0159izp\u016fsobeny dne\u0161n\u00edm po\u017eadavk\u016fm: snadn\u011bji se \u017eehl\u00ed, perou, jsou m\u011bkk\u00e9, spl\u00fdvav\u00e9, pololeskl\u00e9, sav\u00e9 (100% \u010desan\u00e1 bavlna).<\/span><br style=\"color: #000000;\"><br style=\"color: #000000;\"><br style=\"color: #000000;\"><br style=\"color: #000000;\"><\/p>\n","protected":false},"excerpt":{"rendered":"<p>Kontakt: jandikovae@cds.cz www.terej.cz * 1954 V\u00edtkov u Opavy1973 &#8211; 1979 ateli\u00e9r textiln\u00edho v\u00fdtvarnictv\u00ed, V\u0160UP Praha1980 &#8211; 1995 n\u00e1vrhy textilu pro \u0160\u00daUV a \u00daLUV \/prodejny Kr\u00e1sn\u00e1 jizba\/ Prahatapis\u00e9rie, \u017eak\u00e1rsk\u00e9 a listov\u00e9 tkaniny \/kanafasy\/, hedv\u00e1bn\u00e9 \u0161\u00e1tky, od\u011bvn\u00ed kupony1989 a 1990 ocen\u011bn\u00ed Dobr\u00fd design IPD za n\u00e1vrhy listov\u00fdch a \u017eakarsk\u00fdch tkanin1989-1996 \u00fa\u010dast na&hellip;<\/p>\n<p class=\"more-link-wrapper\"><a class=\"more-link\" href=\"https:\/\/www.evajandikova.cz\/?page_id=9\"><span class=\"fa fa-mail-forward read-more-icon\"><\/span><span class=\"screen-reader-text\">Read More<\/span><\/a><\/p>\n","protected":false},"author":1,"featured_media":704,"parent":0,"menu_order":0,"comment_status":"closed","ping_status":"open","template":"page-templates\/template-imageposts.php","meta":{"ngg_post_thumbnail":0},"_links":{"self":[{"href":"https:\/\/www.evajandikova.cz\/index.php?rest_route=\/wp\/v2\/pages\/9"}],"collection":[{"href":"https:\/\/www.evajandikova.cz\/index.php?rest_route=\/wp\/v2\/pages"}],"about":[{"href":"https:\/\/www.evajandikova.cz\/index.php?rest_route=\/wp\/v2\/types\/page"}],"author":[{"embeddable":true,"href":"https:\/\/www.evajandikova.cz\/index.php?rest_route=\/wp\/v2\/users\/1"}],"replies":[{"embeddable":true,"href":"https:\/\/www.evajandikova.cz\/index.php?rest_route=%2Fwp%2Fv2%2Fcomments&post=9"}],"version-history":[{"count":14,"href":"https:\/\/www.evajandikova.cz\/index.php?rest_route=\/wp\/v2\/pages\/9\/revisions"}],"predecessor-version":[{"id":5157,"href":"https:\/\/www.evajandikova.cz\/index.php?rest_route=\/wp\/v2\/pages\/9\/revisions\/5157"}],"wp:featuredmedia":[{"embeddable":true,"href":"https:\/\/www.evajandikova.cz\/index.php?rest_route=\/wp\/v2\/media\/704"}],"wp:attachment":[{"href":"https:\/\/www.evajandikova.cz\/index.php?rest_route=%2Fwp%2Fv2%2Fmedia&parent=9"}],"curies":[{"name":"wp","href":"https:\/\/api.w.org\/{rel}","templated":true}]}}